{"id":60,"date":"2024-03-20T11:55:05","date_gmt":"2024-03-20T10:55:05","guid":{"rendered":"https:\/\/manosta.fr\/?page_id=60"},"modified":"2024-03-21T18:21:23","modified_gmt":"2024-03-21T17:21:23","slug":"mentions-legales","status":"publish","type":"page","link":"https:\/\/manosta.fr\/index.php\/mentions-legales\/","title":{"rendered":"Mentions l\u00e9gales"},"content":{"rendered":"\t\t<div data-elementor-type=\"wp-page\" data-elementor-id=\"60\" class=\"elementor elementor-60\">\n\t\t\t\t<div class=\"elementor-element elementor-element-fe26448 e-flex e-con-boxed wpr-particle-no wpr-jarallax-no wpr-parallax-no wpr-sticky-section-no e-con e-parent\" data-id=\"fe26448\" data-element_type=\"container\" data-core-v316-plus=\"true\">\n\t\t\t\t\t<div class=\"e-con-inner\">\n\t\t\t\t<div class=\"elementor-element elementor-element-17acc19 elementor-widget elementor-widget-spacer\" data-id=\"17acc19\" data-element_type=\"widget\" data-widget_type=\"spacer.default\">\n\t\t\t\t<div class=\"elementor-widget-container\">\n\t\t\t<style>\/*! elementor - v3.20.0 - 20-03-2024 *\/\n.elementor-column .elementor-spacer-inner{height:var(--spacer-size)}.e-con{--container-widget-width:100%}.e-con-inner>.elementor-widget-spacer,.e-con>.elementor-widget-spacer{width:var(--container-widget-width,var(--spacer-size));--align-self:var(--container-widget-align-self,initial);--flex-shrink:0}.e-con-inner>.elementor-widget-spacer>.elementor-widget-container,.e-con>.elementor-widget-spacer>.elementor-widget-container{height:100%;width:100%}.e-con-inner>.elementor-widget-spacer>.elementor-widget-container>.elementor-spacer,.e-con>.elementor-widget-spacer>.elementor-widget-container>.elementor-spacer{height:100%}.e-con-inner>.elementor-widget-spacer>.elementor-widget-container>.elementor-spacer>.elementor-spacer-inner,.e-con>.elementor-widget-spacer>.elementor-widget-container>.elementor-spacer>.elementor-spacer-inner{height:var(--container-widget-height,var(--spacer-size))}.e-con-inner>.elementor-widget-spacer.elementor-widget-empty,.e-con>.elementor-widget-spacer.elementor-widget-empty{position:relative;min-height:22px;min-width:22px}.e-con-inner>.elementor-widget-spacer.elementor-widget-empty .elementor-widget-empty-icon,.e-con>.elementor-widget-spacer.elementor-widget-empty .elementor-widget-empty-icon{position:absolute;top:0;bottom:0;left:0;right:0;margin:auto;padding:0;width:22px;height:22px}<\/style>\t\t<div class=\"elementor-spacer\">\n\t\t\t<div class=\"elementor-spacer-inner\"><\/div>\n\t\t<\/div>\n\t\t\t\t<\/div>\n\t\t\t\t<\/div>\n\t\t\t\t<div class=\"elementor-element elementor-element-e2906a1 elementor-widget elementor-widget-heading\" data-id=\"e2906a1\" data-element_type=\"widget\" data-widget_type=\"heading.default\">\n\t\t\t\t<div class=\"elementor-widget-container\">\n\t\t\t<style>\/*! elementor - v3.20.0 - 20-03-2024 *\/\n.elementor-heading-title{padding:0;margin:0;line-height:1}.elementor-widget-heading .elementor-heading-title[class*=elementor-size-]>a{color:inherit;font-size:inherit;line-height:inherit}.elementor-widget-heading .elementor-heading-title.elementor-size-small{font-size:15px}.elementor-widget-heading .elementor-heading-title.elementor-size-medium{font-size:19px}.elementor-widget-heading .elementor-heading-title.elementor-size-large{font-size:29px}.elementor-widget-heading .elementor-heading-title.elementor-size-xl{font-size:39px}.elementor-widget-heading .elementor-heading-title.elementor-size-xxl{font-size:59px}<\/style><h2 class=\"elementor-heading-title elementor-size-default\">Mentions l\u00e9gales\n<\/h2>\t\t<\/div>\n\t\t\t\t<\/div>\n\t\t\t\t\t<\/div>\n\t\t\t\t<\/div>\n\t\t<div class=\"elementor-element elementor-element-af2b4c9 e-flex e-con-boxed wpr-particle-no wpr-jarallax-no wpr-parallax-no wpr-sticky-section-no e-con e-parent\" data-id=\"af2b4c9\" data-element_type=\"container\" data-core-v316-plus=\"true\">\n\t\t\t\t\t<div class=\"e-con-inner\">\n\t\t\t\t<div class=\"elementor-element elementor-element-2392e7e elementor-widget elementor-widget-text-editor\" data-id=\"2392e7e\" data-element_type=\"widget\" data-widget_type=\"text-editor.default\">\n\t\t\t\t<div class=\"elementor-widget-container\">\n\t\t\t<style>\/*! elementor - v3.20.0 - 20-03-2024 *\/\n.elementor-widget-text-editor.elementor-drop-cap-view-stacked .elementor-drop-cap{background-color:#69727d;color:#fff}.elementor-widget-text-editor.elementor-drop-cap-view-framed .elementor-drop-cap{color:#69727d;border:3px solid;background-color:transparent}.elementor-widget-text-editor:not(.elementor-drop-cap-view-default) .elementor-drop-cap{margin-top:8px}.elementor-widget-text-editor:not(.elementor-drop-cap-view-default) .elementor-drop-cap-letter{width:1em;height:1em}.elementor-widget-text-editor .elementor-drop-cap{float:left;text-align:center;line-height:1;font-size:50px}.elementor-widget-text-editor .elementor-drop-cap-letter{display:inline-block}<\/style>\t\t\t\t<p>SARL<strong> MANOSTA<\/strong><\/p><p><strong>Si\u00e8ge social :<\/strong> 84 avenue de la r\u00e9publique 75011 PARIS<\/p><p><strong>E-mail :<\/strong> contact@manosta.fr<\/p><p><strong>SIRET\u00a0:<\/strong> 985 248 327 R.C.S PARIS<\/p><p><strong>Confidentialit\u00e9 des donn\u00e9es<\/strong><br \/>MANOSTA s\u2019engage \u00e0 pr\u00e9server la confidentialit\u00e9 des informations communiqu\u00e9es sur le site par l\u2019internaute. L\u2019utilisateur dispose d\u2019un droit d\u2019acc\u00e8s, de rectification et de suppression des donn\u00e9es le concernant qu\u2019il peut exercer en adressant un courriel \u00e0 l\u2019adresse : contact@manosta.fr<\/p><p><strong>Cr\u00e9dit :<\/strong> site web propuls\u00e9 Web-H\u00a0<a href=\"https:\/\/www.webhfr.com\/\">https:\/\/www.webhfr.com\/<\/a><\/p><p><strong>H\u00e9bergeur :\u00a0<\/strong><\/p><p><strong>Hostinger France :<\/strong> 143 Rue \u00c9mile Julien, 34070 Montpellier, France<\/p><p><strong>Siret :<\/strong> 44765649700024<\/p><p><strong>T\u00e9l\u00e9phone :<\/strong> 08 92 97 70 93<\/p><p>Cr\u00e9dits photos\u00a0: Image de\u00a0<a href=\"https:\/\/fr.freepik.com\/\">Freepik<\/a><\/p>\t\t\t\t\t\t<\/div>\n\t\t\t\t<\/div>\n\t\t\t\t\t<\/div>\n\t\t\t\t<\/div>\n\t\t\t\t<\/div>\n\t\t","protected":false},"excerpt":{"rendered":"<p>Mentions l\u00e9gales SARL MANOSTA Si\u00e8ge social : 84 avenue de la r\u00e9publique 75011 PARIS E-mail : contact@manosta.fr SIRET\u00a0: 985 248 327 R.C.S PARIS Confidentialit\u00e9 des donn\u00e9esMANOSTA s\u2019engage \u00e0 pr\u00e9server la confidentialit\u00e9 des informations communiqu\u00e9es sur le site par l\u2019internaute. L\u2019utilisateur dispose d\u2019un droit d\u2019acc\u00e8s, de rectification et de suppression des donn\u00e9es le concernant qu\u2019il peut&#8230;<\/p>\n","protected":false},"author":1,"featured_media":0,"parent":0,"menu_order":0,"comment_status":"closed","ping_status":"closed","template":"","meta":{"_kad_post_transparent":"","_kad_post_title":"hide","_kad_post_layout":"fullwidth","_kad_post_sidebar_id":"","_kad_post_content_style":"unboxed","_kad_post_vertical_padding":"hide","_kad_post_feature":"hide","_kad_post_feature_position":"","_kad_post_header":false,"_kad_post_footer":false,"footnotes":""},"yoast_head":"<!-- This site is optimized with the Yoast SEO plugin v22.3 - https:\/\/yoast.com\/wordpress\/plugins\/seo\/ -->\n<title>Mentions l\u00e9gales - Manosta<\/title>\n<meta name=\"robots\" content=\"index, follow, max-snippet:-1, max-image-preview:large, max-video-preview:-1\" \/>\n<link rel=\"canonical\" href=\"https:\/\/manosta.fr\/index.php\/mentions-legales\/\" \/>\n<meta property=\"og:locale\" content=\"en_US\" \/>\n<meta property=\"og:type\" content=\"article\" \/>\n<meta property=\"og:title\" content=\"Mentions l\u00e9gales - Manosta\" \/>\n<meta property=\"og:description\" content=\"Mentions l\u00e9gales SARL MANOSTA Si\u00e8ge social : 84 avenue de la r\u00e9publique 75011 PARIS E-mail : contact@manosta.fr SIRET\u00a0: 985 248 327 R.C.S PARIS Confidentialit\u00e9 des donn\u00e9esMANOSTA s\u2019engage \u00e0 pr\u00e9server la confidentialit\u00e9 des informations communiqu\u00e9es sur le site par l\u2019internaute. L\u2019utilisateur dispose d\u2019un droit d\u2019acc\u00e8s, de rectification et de suppression des donn\u00e9es le concernant qu\u2019il peut...\" \/>\n<meta property=\"og:url\" content=\"https:\/\/manosta.fr\/index.php\/mentions-legales\/\" \/>\n<meta property=\"og:site_name\" content=\"Manosta\" \/>\n<meta property=\"article:modified_time\" content=\"2024-03-21T17:21:23+00:00\" \/>\n<meta name=\"twitter:card\" content=\"summary_large_image\" \/>\n<meta name=\"twitter:label1\" content=\"Est. reading time\" \/>\n\t<meta name=\"twitter:data1\" content=\"1 minute\" \/>\n<script type=\"application\/ld+json\" class=\"yoast-schema-graph\">{\"@context\":\"https:\/\/schema.org\",\"@graph\":[{\"@type\":\"WebPage\",\"@id\":\"https:\/\/manosta.fr\/index.php\/mentions-legales\/\",\"url\":\"https:\/\/manosta.fr\/index.php\/mentions-legales\/\",\"name\":\"Mentions l\u00e9gales - Manosta\",\"isPartOf\":{\"@id\":\"https:\/\/manosta.fr\/#website\"},\"datePublished\":\"2024-03-20T10:55:05+00:00\",\"dateModified\":\"2024-03-21T17:21:23+00:00\",\"breadcrumb\":{\"@id\":\"https:\/\/manosta.fr\/index.php\/mentions-legales\/#breadcrumb\"},\"inLanguage\":\"en-US\",\"potentialAction\":[{\"@type\":\"ReadAction\",\"target\":[\"https:\/\/manosta.fr\/index.php\/mentions-legales\/\"]}]},{\"@type\":\"BreadcrumbList\",\"@id\":\"https:\/\/manosta.fr\/index.php\/mentions-legales\/#breadcrumb\",\"itemListElement\":[{\"@type\":\"ListItem\",\"position\":1,\"name\":\"Accueil\",\"item\":\"https:\/\/manosta.fr\/\"},{\"@type\":\"ListItem\",\"position\":2,\"name\":\"Mentions l\u00e9gales\"}]},{\"@type\":\"WebSite\",\"@id\":\"https:\/\/manosta.fr\/#website\",\"url\":\"https:\/\/manosta.fr\/\",\"name\":\"Manosta\",\"description\":\"\",\"publisher\":{\"@id\":\"https:\/\/manosta.fr\/#organization\"},\"potentialAction\":[{\"@type\":\"SearchAction\",\"target\":{\"@type\":\"EntryPoint\",\"urlTemplate\":\"https:\/\/manosta.fr\/?s={search_term_string}\"},\"query-input\":\"required name=search_term_string\"}],\"inLanguage\":\"en-US\"},{\"@type\":\"Organization\",\"@id\":\"https:\/\/manosta.fr\/#organization\",\"name\":\"Manosta\",\"url\":\"https:\/\/manosta.fr\/\",\"logo\":{\"@type\":\"ImageObject\",\"inLanguage\":\"en-US\",\"@id\":\"https:\/\/manosta.fr\/#\/schema\/logo\/image\/\",\"url\":\"https:\/\/manosta.fr\/wp-content\/uploads\/2024\/03\/cropped-WhatsApp-Image-2024-03-18-at-21.41.38.jpeg\",\"contentUrl\":\"https:\/\/manosta.fr\/wp-content\/uploads\/2024\/03\/cropped-WhatsApp-Image-2024-03-18-at-21.41.38.jpeg\",\"width\":500,\"height\":500,\"caption\":\"Manosta\"},\"image\":{\"@id\":\"https:\/\/manosta.fr\/#\/schema\/logo\/image\/\"}}]}<\/script>\n<!-- \/ Yoast SEO plugin. -->","yoast_head_json":{"title":"Mentions l\u00e9gales - Manosta","robots":{"index":"index","follow":"follow","max-snippet":"max-snippet:-1","max-image-preview":"max-image-preview:large","max-video-preview":"max-video-preview:-1"},"canonical":"https:\/\/manosta.fr\/index.php\/mentions-legales\/","og_locale":"en_US","og_type":"article","og_title":"Mentions l\u00e9gales - Manosta","og_description":"Mentions l\u00e9gales SARL MANOSTA Si\u00e8ge social : 84 avenue de la r\u00e9publique 75011 PARIS E-mail : contact@manosta.fr SIRET\u00a0: 985 248 327 R.C.S PARIS Confidentialit\u00e9 des donn\u00e9esMANOSTA s\u2019engage \u00e0 pr\u00e9server la confidentialit\u00e9 des informations communiqu\u00e9es sur le site par l\u2019internaute. L\u2019utilisateur dispose d\u2019un droit d\u2019acc\u00e8s, de rectification et de suppression des donn\u00e9es le concernant qu\u2019il peut...","og_url":"https:\/\/manosta.fr\/index.php\/mentions-legales\/","og_site_name":"Manosta","article_modified_time":"2024-03-21T17:21:23+00:00","twitter_card":"summary_large_image","twitter_misc":{"Est. reading time":"1 minute"},"schema":{"@context":"https:\/\/schema.org","@graph":[{"@type":"WebPage","@id":"https:\/\/manosta.fr\/index.php\/mentions-legales\/","url":"https:\/\/manosta.fr\/index.php\/mentions-legales\/","name":"Mentions l\u00e9gales - Manosta","isPartOf":{"@id":"https:\/\/manosta.fr\/#website"},"datePublished":"2024-03-20T10:55:05+00:00","dateModified":"2024-03-21T17:21:23+00:00","breadcrumb":{"@id":"https:\/\/manosta.fr\/index.php\/mentions-legales\/#breadcrumb"},"inLanguage":"en-US","potentialAction":[{"@type":"ReadAction","target":["https:\/\/manosta.fr\/index.php\/mentions-legales\/"]}]},{"@type":"BreadcrumbList","@id":"https:\/\/manosta.fr\/index.php\/mentions-legales\/#breadcrumb","itemListElement":[{"@type":"ListItem","position":1,"name":"Accueil","item":"https:\/\/manosta.fr\/"},{"@type":"ListItem","position":2,"name":"Mentions l\u00e9gales"}]},{"@type":"WebSite","@id":"https:\/\/manosta.fr\/#website","url":"https:\/\/manosta.fr\/","name":"Manosta","description":"","publisher":{"@id":"https:\/\/manosta.fr\/#organization"},"potentialAction":[{"@type":"SearchAction","target":{"@type":"EntryPoint","urlTemplate":"https:\/\/manosta.fr\/?s={search_term_string}"},"query-input":"required name=search_term_string"}],"inLanguage":"en-US"},{"@type":"Organization","@id":"https:\/\/manosta.fr\/#organization","name":"Manosta","url":"https:\/\/manosta.fr\/","logo":{"@type":"ImageObject","inLanguage":"en-US","@id":"https:\/\/manosta.fr\/#\/schema\/logo\/image\/","url":"https:\/\/manosta.fr\/wp-content\/uploads\/2024\/03\/cropped-WhatsApp-Image-2024-03-18-at-21.41.38.jpeg","contentUrl":"https:\/\/manosta.fr\/wp-content\/uploads\/2024\/03\/cropped-WhatsApp-Image-2024-03-18-at-21.41.38.jpeg","width":500,"height":500,"caption":"Manosta"},"image":{"@id":"https:\/\/manosta.fr\/#\/schema\/logo\/image\/"}}]}},"_links":{"self":[{"href":"https:\/\/manosta.fr\/index.php\/wp-json\/wp\/v2\/pages\/60"}],"collection":[{"href":"https:\/\/manosta.fr\/index.php\/wp-json\/wp\/v2\/pages"}],"about":[{"href":"https:\/\/manosta.fr\/index.php\/wp-json\/wp\/v2\/types\/page"}],"author":[{"embeddable":true,"href":"https:\/\/manosta.fr\/index.php\/wp-json\/wp\/v2\/users\/1"}],"replies":[{"embeddable":true,"href":"https:\/\/manosta.fr\/index.php\/wp-json\/wp\/v2\/comments?post=60"}],"version-history":[{"count":16,"href":"https:\/\/manosta.fr\/index.php\/wp-json\/wp\/v2\/pages\/60\/revisions"}],"predecessor-version":[{"id":126,"href":"https:\/\/manosta.fr\/index.php\/wp-json\/wp\/v2\/pages\/60\/revisions\/126"}],"wp:attachment":[{"href":"https:\/\/manosta.fr\/index.php\/wp-json\/wp\/v2\/media?parent=60"}],"curies":[{"name":"wp","href":"https:\/\/api.w.org\/{rel}","templated":true}]}}